{"id":13317,"date":"2025-02-04T22:35:07","date_gmt":"2025-02-04T21:35:07","guid":{"rendered":"https:\/\/swissvoicetour.smartfox-adtech.ch\/?page_id=13317"},"modified":"2025-02-04T22:45:50","modified_gmt":"2025-02-04T21:45:50","slug":"vantaggi","status":"publish","type":"page","link":"https:\/\/swissvoicetour.smartfox-adtech.ch\/it\/vantaggi\/","title":{"rendered":"Vantaggi"},"content":{"rendered":"\n<style type=\"text\/css\" data-created_by=\"avia_inline_auto\" id=\"style-css-av-av_section-0715e7f6951c521ae024a3d19be21fdd\">\n.avia-section.av-av_section-0715e7f6951c521ae024a3d19be21fdd{\nbackground-color:#cca047;\nbackground-image:unset;\n}\n<\/style>\n<div id='av_section_1'  class='avia-section av-av_section-0715e7f6951c521ae024a3d19be21fdd main_color avia-section-default avia-no-border-styling  avia-builder-el-0  el_before_av_section  avia-builder-el-first  titre-page avia-bg-style-scroll container_wrap fullsize'  ><div class='container av-section-cont-open' ><main  role=\"main\" itemprop=\"mainContentOfPage\"  class='template-page content  av-content-full alpha units'><div class='post-entry post-entry-type-page post-entry-13317'><div class='entry-content-wrapper clearfix'>\n\n<style type=\"text\/css\" data-created_by=\"avia_inline_auto\" id=\"style-css-av-m6r0c2j6-fb91e0d3320b587cafe571cdc39b3bec\">\n#top .av-special-heading.av-m6r0c2j6-fb91e0d3320b587cafe571cdc39b3bec{\npadding-bottom:10px;\ncolor:#000000;\n}\nbody .av-special-heading.av-m6r0c2j6-fb91e0d3320b587cafe571cdc39b3bec .av-special-heading-tag .heading-char{\nfont-size:25px;\n}\n.av-special-heading.av-m6r0c2j6-fb91e0d3320b587cafe571cdc39b3bec .special-heading-inner-border{\nborder-color:#000000;\n}\n.av-special-heading.av-m6r0c2j6-fb91e0d3320b587cafe571cdc39b3bec .av-subheading{\nfont-size:15px;\n}\n<\/style>\n<div  class='av-special-heading av-m6r0c2j6-fb91e0d3320b587cafe571cdc39b3bec av-special-heading-h1 custom-color-heading blockquote modern-quote  avia-builder-el-1  avia-builder-el-no-sibling '><h1 class='av-special-heading-tag '  itemprop=\"headline\"  >10 motivi per partecipare<\/h1><div class=\"special-heading-border\"><div class=\"special-heading-inner-border\"><\/div><\/div><\/div>\n<\/div><\/div><\/main><!-- close content main element --><\/div><\/div><div id='av_section_2'  class='avia-section av-av_section-ead7872a6199d9872a6fed09789ee080 main_color avia-section-default avia-no-border-styling  avia-builder-el-2  el_after_av_section  el_before_av_section  avia-bg-style-scroll container_wrap fullsize'  ><div class='container av-section-cont-open' ><div class='template-page content  av-content-full alpha units'><div class='post-entry post-entry-type-page post-entry-13317'><div class='entry-content-wrapper clearfix'>\n<div  class='flex_column av-av_one_half-cab6cb91e42b24d4f503cdabdc5ed6e0 av_one_half  avia-builder-el-3  el_before_av_one_half  avia-builder-el-first  first flex_column_div  '     ><section  class='av_textblock_section av-m6r0coxt-5273fdfd1aae3e8f637a4f3f01c0e61f '   itemscope=\"itemscope\" itemtype=\"https:\/\/schema.org\/CreativeWork\" ><div class='avia_textblock'  itemprop=\"text\" ><h2>1. Feedback da parte di professionisti<\/h2>\n<p>Ottenete un feedback da professionisti della musica per migliorare le vostre capacit\u00e0 vocali e le vostre performance sul palco.<\/p>\n<h2>2. Un buono acquisto da 200 franchi svizzeri<\/h2>\n<p>Vincete la finale di un centro commerciale e tornate a casa con un buono regalo del valore di 200 franchi.<\/p>\n<h2>3. Un coaching esclusivo<\/h2>\n<p>Come finalista, beneficerete di un coaching esclusivo da parte di un direttore artistico, accompagnato da una big band e da lezioni di danza.<\/p>\n<h2>4. Una location d&#8217;eccezione vi aspetta per la Grande Finale<\/h2>\n<p>La finale si svolger\u00e0 il 28 febbraio 2026 presso il famoso Th\u00e9\u00e2tre de Beaulieu di Losanna, con un pubblico di oltre 1.600 persone.<\/p>\n<h2>5. Una finale accompagnata da star della musica<\/h2>\n<p>Immaginate di esibirvi davanti a una giuria d&#8217;eccezione che comprende Jermaine Jackson, Vitaa, Black M, Alvaro Soler, Claudio Cap\u00e9o e molti altri!<\/p>\n<\/div><\/section><\/div><div  class='flex_column av-av_one_half-5ebb9248fb9c120f6665341cb151d4ce av_one_half  avia-builder-el-5  el_after_av_one_half  avia-builder-el-last  flex_column_div  '     ><section  class='av_textblock_section av-m6r0dlb3-05a841684ff7abe52986e8d95bc850da '   itemscope=\"itemscope\" itemtype=\"https:\/\/schema.org\/CreativeWork\" ><div class='avia_textblock'  itemprop=\"text\" ><h2>6. Un premio eccezionale<\/h2>\n<p>Potrete registrare il vostro singolo e videoclip nel prestigioso studio Hana Road di Montreux. La vostra carriera prende una nuova piega!<\/p>\n<h2>7. Oltre 100.000 spettatori in tutta la Svizzera<\/h2>\n<p>100.000 spettatori guarderanno la vostra esibizione dal loro divano grazie alla trasmissione in diretta.<\/p>\n<h2>8. Esposizione mediatica e interviste<\/h2>\n<p>I finalisti avranno la possibilit\u00e0 di essere intervistati da stampa, radio, televisione e social network. L&#8217;occasione perfetta per farsi notare!<\/p>\n<h2>9. Una porta d&#8217;accesso al mondo della musica<\/h2>\n<p>Superate le vostre paure ed entrate nel mondo dei professionisti della musica esibendovi di fronte ad artisti e produttori famosi!<\/p>\n<h2>10. Un&#8217;esperienza indimenticabile<\/h2>\n<p>Emozioni, brividi, stelle negli occhi e tanti ricordi da raccontare! \u00c8 pi\u00f9 di un concorso, \u00e8 un&#8217;avventura per tutta la famiglia!<\/p>\n<\/div><\/section><\/div><\/div><\/div><\/div><!-- close content main div --><\/div><\/div>\n<style type=\"text\/css\" data-created_by=\"avia_inline_auto\" id=\"style-css-av-av_section-303349f11f0e01dce482fbed44a407a4\">\n.avia-section.av-av_section-303349f11f0e01dce482fbed44a407a4{\nbackground-repeat:no-repeat;\nbackground-image:url(https:\/\/swissvoicetour.smartfox-adtech.ch\/wp-content\/uploads\/2020\/03\/bg_partenaires.jpg);\nbackground-position:50% 0%;\nbackground-attachment:scroll;\n}\n<\/style>\n<div id='av_section_3'  class='avia-section av-av_section-303349f11f0e01dce482fbed44a407a4 main_color avia-section-default avia-no-border-styling  avia-builder-el-7  el_after_av_section  avia-builder-el-last  avia-full-stretch avia-bg-style-scroll av-minimum-height av-minimum-height-25 av-height-25  container_wrap fullsize'  data-section-bg-repeat='stretch' data-av_minimum_height_pc='25' data-av_min_height_opt='25'><div class='container av-section-cont-open' ><div class='template-page content  av-content-full alpha units'><div class='post-entry post-entry-type-page post-entry-13317'><div class='entry-content-wrapper clearfix'>\n\n<style type=\"text\/css\" data-created_by=\"avia_inline_auto\" id=\"style-css-av-av_one_full-fbb64aa33aabc73501c0171361f10565\">\n.flex_column.av-av_one_full-fbb64aa33aabc73501c0171361f10565{\npadding:0px 0px 0px 0px;\n}\n<\/style>\n<div  class='flex_column av-av_one_full-fbb64aa33aabc73501c0171361f10565 av_one_full  avia-builder-el-8  el_before_av_hr  avia-builder-el-first  first flex_column_div av-zero-column-padding  '     ><style type=\"text\/css\" data-created_by=\"avia_inline_auto\" id=\"style-css-av-m6r0dz1o-958ee3ed23718843ce19e0b032054098\">\n#top .av-special-heading.av-m6r0dz1o-958ee3ed23718843ce19e0b032054098{\npadding-bottom:10px;\n}\nbody .av-special-heading.av-m6r0dz1o-958ee3ed23718843ce19e0b032054098 .av-special-heading-tag .heading-char{\nfont-size:25px;\n}\n.av-special-heading.av-m6r0dz1o-958ee3ed23718843ce19e0b032054098 .av-subheading{\nfont-size:15px;\n}\n<\/style>\n<div  class='av-special-heading av-m6r0dz1o-958ee3ed23718843ce19e0b032054098 av-special-heading-h2 blockquote modern-quote modern-centered  avia-builder-el-9  avia-builder-el-no-sibling '><h2 class='av-special-heading-tag '  itemprop=\"headline\"  >PARTNERS<\/h2><div class=\"special-heading-border\"><div class=\"special-heading-inner-border\"><\/div><\/div><\/div><\/div>\n<style type=\"text\/css\" data-created_by=\"avia_inline_auto\" id=\"style-css-av-av_hr-e91f8fbe81134c228cc94df0c2ea3da0\">\n#top .hr.hr-invisible.av-av_hr-e91f8fbe81134c228cc94df0c2ea3da0{\nheight:30px;\n}\n<\/style>\n<div  class='hr av-av_hr-e91f8fbe81134c228cc94df0c2ea3da0 hr-invisible  avia-builder-el-10  el_after_av_one_full  el_before_av_one_full '><span class='hr-inner '><span class=\"hr-inner-style\"><\/span><\/span><\/div>\n\n<style type=\"text\/css\" data-created_by=\"avia_inline_auto\" id=\"style-css-av-av_one_full-fbb64aa33aabc73501c0171361f10565\">\n.flex_column.av-av_one_full-fbb64aa33aabc73501c0171361f10565{\npadding:0px 0px 0px 0px;\n}\n<\/style>\n<div  class='flex_column av-av_one_full-fbb64aa33aabc73501c0171361f10565 av_one_full  avia-builder-el-11  el_after_av_hr  avia-builder-el-last  first flex_column_div av-zero-column-padding  '     ><div  class='avia-logo-element-container av-av_partner-ff181b5faeee54e8f94e8848fd804490 av-border-deactivate avia-logo-grid avia-content-slider avia-smallarrow-slider avia-content-grid-active noHover avia-content-slider-even  avia-builder-el-12  avia-builder-el-no-sibling  avia-content-slider1' ><div class='avia-smallarrow-slider-heading  no-logo-slider-heading '><div class='new-special-heading'>&nbsp;<\/div><\/div><div class=\"avia-content-slider-inner\"><div class=\"slide-entry-wrap\"><div  class='slide-entry av-av_partner_logo-d6a7c56fc89b9d60086be160f2e6f6c1 flex_column no_margin av_one_half real-thumbnail post-entry slide-entry-overview slide-loop-1 slide-parity-odd  first'><img decoding=\"async\" fetchpriority=\"high\" width=\"242\" height=\"70\" src=\"https:\/\/swissvoicetour.smartfox-adtech.ch\/wp-content\/uploads\/2022\/01\/HONDA.png\" class=\"wp-image-7158 avia-img-lazy-loading-not-7158 attachment-no scaling size-no scaling\" alt=\"\" \/><\/div><div  class='slide-entry av-av_partner_logo-32166d02c8077587b91e8f38df3f48ac flex_column no_margin av_one_half real-thumbnail post-entry slide-entry-overview slide-loop-2 slide-parity-even post-entry-last '><img decoding=\"async\" fetchpriority=\"high\" width=\"170\" height=\"92\" src=\"https:\/\/swissvoicetour.smartfox-adtech.ch\/wp-content\/uploads\/2020\/03\/coop-e1584622174624.png\" class=\"wp-image-3621 avia-img-lazy-loading-not-3621 attachment-no scaling size-no scaling\" alt=\"\" \/><\/div><\/div><\/div><\/div><\/div><\/p>\n","protected":false},"excerpt":{"rendered":"","protected":false},"author":2,"featured_media":0,"parent":0,"menu_order":0,"comment_status":"closed","ping_status":"closed","template":"","meta":{"_acf_changed":false,"footnotes":""},"class_list":["post-13317","page","type-page","status-publish","hentry"],"acf":[],"yoast_head":"<!-- This site is optimized with the Yoast SEO plugin v24.4 - https:\/\/yoast.com\/wordpress\/plugins\/seo\/ -->\n<title>Vantaggi - Swiss Voice Tour<\/title>\n<meta name=\"robots\" content=\"noindex, follow, max-snippet:-1, max-image-preview:large, max-video-preview:-1\" \/>\n<meta property=\"og:locale\" content=\"it_IT\" \/>\n<meta property=\"og:type\" content=\"article\" \/>\n<meta property=\"og:title\" content=\"Vantaggi - Swiss Voice Tour\" \/>\n<meta property=\"og:url\" content=\"https:\/\/swissvoicetour.smartfox-adtech.ch\/it\/vantaggi\/\" \/>\n<meta property=\"og:site_name\" content=\"Swiss Voice Tour\" \/>\n<meta property=\"article:modified_time\" content=\"2025-02-04T21:45:50+00:00\" \/>\n<meta name=\"twitter:card\" content=\"summary_large_image\" \/>\n<meta name=\"twitter:label1\" content=\"Tempo di lettura stimato\" \/>\n\t<meta name=\"twitter:data1\" content=\"2 minuti\" \/>\n<script type=\"application\/ld+json\" class=\"yoast-schema-graph\">{\"@context\":\"https:\/\/schema.org\",\"@graph\":[{\"@type\":\"WebPage\",\"@id\":\"https:\/\/swissvoicetour.smartfox-adtech.ch\/it\/vantaggi\/\",\"url\":\"https:\/\/swissvoicetour.smartfox-adtech.ch\/it\/vantaggi\/\",\"name\":\"Vantaggi - Swiss Voice Tour\",\"isPartOf\":{\"@id\":\"https:\/\/swissvoicetour.smartfox-adtech.ch\/#website\"},\"datePublished\":\"2025-02-04T21:35:07+00:00\",\"dateModified\":\"2025-02-04T21:45:50+00:00\",\"breadcrumb\":{\"@id\":\"https:\/\/swissvoicetour.smartfox-adtech.ch\/it\/vantaggi\/#breadcrumb\"},\"inLanguage\":\"it-IT\",\"potentialAction\":[{\"@type\":\"ReadAction\",\"target\":[\"https:\/\/swissvoicetour.smartfox-adtech.ch\/it\/vantaggi\/\"]}]},{\"@type\":\"BreadcrumbList\",\"@id\":\"https:\/\/swissvoicetour.smartfox-adtech.ch\/it\/vantaggi\/#breadcrumb\",\"itemListElement\":[{\"@type\":\"ListItem\",\"position\":1,\"name\":\"Accueil\",\"item\":\"https:\/\/swissvoicetour.smartfox-adtech.ch\/it\/\"},{\"@type\":\"ListItem\",\"position\":2,\"name\":\"Vantaggi\"}]},{\"@type\":\"WebSite\",\"@id\":\"https:\/\/swissvoicetour.smartfox-adtech.ch\/#website\",\"url\":\"https:\/\/swissvoicetour.smartfox-adtech.ch\/\",\"name\":\"Swiss Voice Tour\",\"description\":\"Benvenuti nella pagina ufficiale dello Swiss Voice Tour\",\"potentialAction\":[{\"@type\":\"SearchAction\",\"target\":{\"@type\":\"EntryPoint\",\"urlTemplate\":\"https:\/\/swissvoicetour.smartfox-adtech.ch\/?s={search_term_string}\"},\"query-input\":{\"@type\":\"PropertyValueSpecification\",\"valueRequired\":true,\"valueName\":\"search_term_string\"}}],\"inLanguage\":\"it-IT\"}]}<\/script>\n<!-- \/ Yoast SEO plugin. -->","yoast_head_json":{"title":"Vantaggi - Swiss Voice Tour","robots":{"index":"noindex","follow":"follow","max-snippet":"max-snippet:-1","max-image-preview":"max-image-preview:large","max-video-preview":"max-video-preview:-1"},"og_locale":"it_IT","og_type":"article","og_title":"Vantaggi - Swiss Voice Tour","og_url":"https:\/\/swissvoicetour.smartfox-adtech.ch\/it\/vantaggi\/","og_site_name":"Swiss Voice Tour","article_modified_time":"2025-02-04T21:45:50+00:00","twitter_card":"summary_large_image","twitter_misc":{"Tempo di lettura stimato":"2 minuti"},"schema":{"@context":"https:\/\/schema.org","@graph":[{"@type":"WebPage","@id":"https:\/\/swissvoicetour.smartfox-adtech.ch\/it\/vantaggi\/","url":"https:\/\/swissvoicetour.smartfox-adtech.ch\/it\/vantaggi\/","name":"Vantaggi - Swiss Voice Tour","isPartOf":{"@id":"https:\/\/swissvoicetour.smartfox-adtech.ch\/#website"},"datePublished":"2025-02-04T21:35:07+00:00","dateModified":"2025-02-04T21:45:50+00:00","breadcrumb":{"@id":"https:\/\/swissvoicetour.smartfox-adtech.ch\/it\/vantaggi\/#breadcrumb"},"inLanguage":"it-IT","potentialAction":[{"@type":"ReadAction","target":["https:\/\/swissvoicetour.smartfox-adtech.ch\/it\/vantaggi\/"]}]},{"@type":"BreadcrumbList","@id":"https:\/\/swissvoicetour.smartfox-adtech.ch\/it\/vantaggi\/#breadcrumb","itemListElement":[{"@type":"ListItem","position":1,"name":"Accueil","item":"https:\/\/swissvoicetour.smartfox-adtech.ch\/it\/"},{"@type":"ListItem","position":2,"name":"Vantaggi"}]},{"@type":"WebSite","@id":"https:\/\/swissvoicetour.smartfox-adtech.ch\/#website","url":"https:\/\/swissvoicetour.smartfox-adtech.ch\/","name":"Swiss Voice Tour","description":"Benvenuti nella pagina ufficiale dello Swiss Voice Tour","potentialAction":[{"@type":"SearchAction","target":{"@type":"EntryPoint","urlTemplate":"https:\/\/swissvoicetour.smartfox-adtech.ch\/?s={search_term_string}"},"query-input":{"@type":"PropertyValueSpecification","valueRequired":true,"valueName":"search_term_string"}}],"inLanguage":"it-IT"}]}},"_links":{"self":[{"href":"https:\/\/swissvoicetour.smartfox-adtech.ch\/it\/wp-json\/wp\/v2\/pages\/13317","targetHints":{"allow":["GET"]}}],"collection":[{"href":"https:\/\/swissvoicetour.smartfox-adtech.ch\/it\/wp-json\/wp\/v2\/pages"}],"about":[{"href":"https:\/\/swissvoicetour.smartfox-adtech.ch\/it\/wp-json\/wp\/v2\/types\/page"}],"author":[{"embeddable":true,"href":"https:\/\/swissvoicetour.smartfox-adtech.ch\/it\/wp-json\/wp\/v2\/users\/2"}],"replies":[{"embeddable":true,"href":"https:\/\/swissvoicetour.smartfox-adtech.ch\/it\/wp-json\/wp\/v2\/comments?post=13317"}],"version-history":[{"count":3,"href":"https:\/\/swissvoicetour.smartfox-adtech.ch\/it\/wp-json\/wp\/v2\/pages\/13317\/revisions"}],"predecessor-version":[{"id":13332,"href":"https:\/\/swissvoicetour.smartfox-adtech.ch\/it\/wp-json\/wp\/v2\/pages\/13317\/revisions\/13332"}],"wp:attachment":[{"href":"https:\/\/swissvoicetour.smartfox-adtech.ch\/it\/wp-json\/wp\/v2\/media?parent=13317"}],"curies":[{"name":"wp","href":"https:\/\/api.w.org\/{rel}","templated":true}]}}